{"id":376,"date":"2017-02-23T06:11:36","date_gmt":"2017-02-23T14:11:36","guid":{"rendered":"https:\/\/exo5.com\/?page_id=376\/"},"modified":"2017-12-19T22:50:19","modified_gmt":"2017-12-20T06:50:19","slug":"support","status":"publish","type":"page","link":"https:\/\/exo5.com\/de\/support\/","title":{"rendered":"Support"},"content":{"rendered":"<div class=\"row\"><div class=\"column md-3 \"><\/p>\n<h3>Support-Ticket Erstellen<\/h3>\n<p>Ihr Support-Ticket wird an den n\u00e4chsten verf\u00fcgbaren Techniker weitergeleitet. Die meisten Supportanfragen k\u00f6nnen wir innerhalb von 4 Stunden bearbeiten.<\/p>\n<p>\n<\/div>\n<div class=\"column md-8 \"><p>\n<p class=\"wpcf7-contact-form-not-found\"><strong>Fehler:<\/strong> Kontaktformular wurde nicht gefunden.<\/p><\/p>\n<p>\n<\/div>\n<\/div>","protected":false},"excerpt":{"rendered":"","protected":false},"author":1,"featured_media":0,"parent":0,"menu_order":0,"comment_status":"open","ping_status":"closed","template":"page-support.php","meta":{"inline_featured_image":false,"footnotes":""},"_links":{"self":[{"href":"https:\/\/exo5.com\/de\/wp-json\/wp\/v2\/pages\/376"}],"collection":[{"href":"https:\/\/exo5.com\/de\/wp-json\/wp\/v2\/pages"}],"about":[{"href":"https:\/\/exo5.com\/de\/wp-json\/wp\/v2\/types\/page"}],"author":[{"embeddable":true,"href":"https:\/\/exo5.com\/de\/wp-json\/wp\/v2\/users\/1"}],"replies":[{"embeddable":true,"href":"https:\/\/exo5.com\/de\/wp-json\/wp\/v2\/comments?post=376"}],"version-history":[{"count":2,"href":"https:\/\/exo5.com\/de\/wp-json\/wp\/v2\/pages\/376\/revisions"}],"predecessor-version":[{"id":487,"href":"https:\/\/exo5.com\/de\/wp-json\/wp\/v2\/pages\/376\/revisions\/487"}],"wp:attachment":[{"href":"https:\/\/exo5.com\/de\/wp-json\/wp\/v2\/media?parent=376"}],"curies":[{"name":"wp","href":"https:\/\/api.w.org\/{rel}","templated":true}]}}