{"id":343,"date":"2017-02-22T16:57:06","date_gmt":"2017-02-23T00:57:06","guid":{"rendered":"https:\/\/exo5.com\/?page_id=343\/"},"modified":"2017-12-19T22:55:58","modified_gmt":"2017-12-20T06:55:58","slug":"partners","status":"publish","type":"page","link":"https:\/\/exo5.com\/de\/partners\/","title":{"rendered":"Partner"},"content":{"rendered":"<h3>OEMs und ISVs: EXO5 Cloud-Anwendungsplattform (ECAP)<\/h3>\n<p style=\"background: white; margin: 0in 0in 15.0pt 0in;\"><span lang=\"DE\" style=\"color: #333333;\">Immer mehr Ihrer Enterprise Kunden ziehen in die Cloud.\u00a0Die EXO5 Cloud Application Platform (ECAP) erm\u00f6glicht es Ihnen, mit Ihren Kunden Schritt zu halten, indem Sie Ihre bestehenden Produkte in Cloud-Services umwandeln.<\/span><\/p>\n<p style=\"background: white; margin: 0in 0in 15.0pt 0in;\"><span lang=\"DE\" style=\"color: #333333;\">Als erste und einzige Plattform dieser Art bietet ECAP eine moderne Web-Benutzeroberfl\u00e4che, Real-Time-Cloud-zu-Client-Kommunikation und robuste Infrastruktur-Werkzeuge. ISVs und OEMs k\u00f6nnen Cloud-Produkte erstellen, Kunden gewinnen und gleichzeitig Skalierbarkeit, Sicherheit und hohe Verf\u00fcgbarkeit bieten. Verf\u00fcgbarkeit, nach denen Unternehmen heute verlangen.<\/span><\/p>\n<p style=\"background: white; margin: 0in 0in 15.0pt 0in;\"><span lang=\"DE\" style=\"color: #333333;\">Mit ECAP k\u00f6nnen Sie eine schnellere Markteinf\u00fchrung erreichen und sich gleichzeitig auf Ihre Kernkompetenzen konzentrieren. Im Gegensatz zum Aufbau einer eigenen Cloud Plattform spart Ihnen das Zeit und Kosten.<\/span><\/p>\n<h3>VARs, MSPs und Software-Distributoren: EXO5-Partnerprogramm<\/h3>\n<p style=\"background: white; margin: 0in 0in 15.0pt 0in;\"><span lang=\"DE\" style=\"color: #333333;\">Angesichts der steigenden Cyberkriminalit\u00e4t und der immer ernster zu nehmenden Konsequenzen im Falle eines Verlusts von IT-Assets ist die Nachfrage nach Endpoint Tracking- und Sicherheitsl\u00f6sungen h\u00f6her denn je &#8211; und immer mehr Kunden erwarten, dass die L\u00f6sungen als Cloud-Dienste bereitgestellt werden.<\/span><\/p>\n<p style=\"background: white; margin: 0in 0in 15.0pt 0in;\"><span lang=\"DE\" style=\"color: #333333;\">EXO5 ist eine leistungsstarke und einzigartige Erg\u00e4nzung Ihres Dienstleistungsportfolios, mit der Ihre Kunden weniger PCs verlieren, sensible Daten im Falle eines Diebstahls sch\u00fctzen und ihre IT-Ressourcen effizienter einsetzen k\u00f6nnen.<\/span><\/p>\n<p style=\"margin: 0in; margin-bottom: .0001pt; background: white;\"><span lang=\"DE\" style=\"color: #333333;\">Unser Partnerprogramm beinhaltet einfache Reseller-Vereinbarungen, Multi-Level-Account-Provisionierung bei Distributionsleistungen sowie Co-Branding-Serviceangebote auf OEM-Level.<\/span><\/p>\n","protected":false},"excerpt":{"rendered":"<p>OEMs und ISVs: EXO5 Cloud-Anwendungsplattform (ECAP) Immer mehr Ihrer Enterprise Kunden ziehen in die Cloud.\u00a0Die EXO5 Cloud Application Platform (ECAP) erm\u00f6glicht es Ihnen, mit Ihren&#8230;<\/p>\n","protected":false},"author":1,"featured_media":0,"parent":0,"menu_order":0,"comment_status":"open","ping_status":"closed","template":"","meta":{"inline_featured_image":false,"footnotes":""},"_links":{"self":[{"href":"https:\/\/exo5.com\/de\/wp-json\/wp\/v2\/pages\/343"}],"collection":[{"href":"https:\/\/exo5.com\/de\/wp-json\/wp\/v2\/pages"}],"about":[{"href":"https:\/\/exo5.com\/de\/wp-json\/wp\/v2\/types\/page"}],"author":[{"embeddable":true,"href":"https:\/\/exo5.com\/de\/wp-json\/wp\/v2\/users\/1"}],"replies":[{"embeddable":true,"href":"https:\/\/exo5.com\/de\/wp-json\/wp\/v2\/comments?post=343"}],"version-history":[{"count":4,"href":"https:\/\/exo5.com\/de\/wp-json\/wp\/v2\/pages\/343\/revisions"}],"predecessor-version":[{"id":501,"href":"https:\/\/exo5.com\/de\/wp-json\/wp\/v2\/pages\/343\/revisions\/501"}],"wp:attachment":[{"href":"https:\/\/exo5.com\/de\/wp-json\/wp\/v2\/media?parent=343"}],"curies":[{"name":"wp","href":"https:\/\/api.w.org\/{rel}","templated":true}]}}