{"id":341,"date":"2017-02-22T16:26:36","date_gmt":"2017-02-23T00:26:36","guid":{"rendered":"https:\/\/exo5.com\/?page_id=341\/"},"modified":"2017-11-14T17:14:55","modified_gmt":"2017-11-15T01:14:55","slug":"about","status":"publish","type":"page","link":"https:\/\/exo5.com\/de\/about\/","title":{"rendered":"\u00dcber"},"content":{"rendered":"<div class=\"row\"><div class=\"column md-4 mobile-only\"><p>\n<a href=\"https:\/\/exo5.com\/wp-content\/uploads\/2015\/06\/about-1.png\"><img decoding=\"async\" loading=\"lazy\" class=\"alignnone size-full wp-image-189\" src=\"https:\/\/exo5.com\/wp-content\/uploads\/2015\/06\/about-1.png\" alt=\"about-1\" width=\"193\" height=\"101\" \/><\/a><\/p>\n<\/div>\n<div class=\"column md-8 \"><\/p>\n<h3>In der Cloud geboren<\/h3>\n<p>EXO5 wurde 2006 gegr\u00fcndet und in der Cloud geboren.\u00a0Unsere einzigartige Client-to-Cloud-Plattform ist in der Lage, Millionen von Ger\u00e4te zu verbinden und zu verwalten und gleichzeitig die Endpunkte in Echtzeit zu steuern &#8211; alles \u00fcber eine reaktionsf\u00e4hige, Cloud-native Konsole.\u00a0Das mobile Unternehmen von heute arbeitet innerhalb und au\u00dferhalb der Unternehmens-Firewall &#8211; wir glauben, Cloud ist die beste Antwort auf diese Herausforderung.<\/p>\n<p>\n<\/div>\n<div class=\"column md-4 mobile-hidden\"><p>\n<a href=\"https:\/\/exo5.com\/wp-content\/uploads\/2015\/06\/about-1.png\"><img decoding=\"async\" loading=\"lazy\" class=\"alignnone size-full wp-image-189\" src=\"https:\/\/exo5.com\/wp-content\/uploads\/2015\/06\/about-1.png\" alt=\"about-1\" width=\"193\" height=\"101\" \/><\/a><\/p>\n<\/div>\n<p>&nbsp;<\/p>\n<div class=\"column md-12 clearfix\"><\/div>\n<p>&nbsp;<\/p>\n<div class=\"column md-2 \"><p>\n<a href=\"https:\/\/exo5.com\/wp-content\/uploads\/2015\/06\/about-2.png\"><img decoding=\"async\" loading=\"lazy\" class=\" size-full wp-image-192 alignnone\" src=\"https:\/\/exo5.com\/wp-content\/uploads\/2015\/06\/about-2.png\" alt=\"about-2\" width=\"128\" height=\"151\" \/><\/a><\/p>\n<p>\n<\/div>\n<div class=\"column md-10 \"><\/p>\n<h3>Nur f\u00fcr Enterprise<\/h3>\n<p>Seit Beginn haben wir uns auf den Enterprise-Markt ausgerichtet.\u00a0Unsere Produkte sind f\u00fcr gro\u00dfe Implementierungen und das unternehmensweite Management optimiert und adressieren die einzigartigen Sicherheitsherausforderungen von gro\u00dfen Unternehmen.\u00a0Dies bedeutet auch, dass wir unsere Kunden vor fragw\u00fcrdigen Sicherheitskonzepten auf Konsumerniveau (wie zum Beispiel Webcam-Snooping und Keylogging-Protokollierung) sch\u00fctzen, die Unternehmen vor Datenschutzprobleme bei Mitarbeitern stellen k\u00f6nnten.\u00a0Wir stellen Produkte her, mit denen IT-Abteilungen gut arbeiten und bedienen k\u00f6nnen und mit denen sie gerne arbeiten.<\/p>\n<\/div>\n<p>&nbsp;<\/p>\n<p><div class=\"column md-12 clearfix\"><\/div><br \/>\n<div class=\"column md-4 mobile-only\"><p>\n<a href=\"https:\/\/exo5.com\/wp-content\/uploads\/2015\/06\/about-3.png\"><img decoding=\"async\" loading=\"lazy\" class=\"alignnone size-full wp-image-195\" src=\"https:\/\/exo5.com\/wp-content\/uploads\/2015\/06\/about-3.png\" alt=\"about-3\" width=\"136\" height=\"143\" \/><\/a><\/p>\n<\/div><\/p>\n<div class=\"column md-8 \"><h3>Technologief\u00fchrer<\/h3>\n<p>Unsere einzigartige Kultur bei der Entwicklung unserer Software kombiniert ein erstklassiges Software-Entwicklungsteam mit einem Advisory Board aus Branchensoftware-Experten, was EXO5 an die Spitze der Cloud-Sicherheitsinnovationen stellt.\u00a0Dieser Kombination verdanken wir die Tatsache, dass IT-Experten EXO5 vom ersten Ausprobieren an lieben.\u00a0So ist EXO5 zum Must Have f\u00fcr Unternehmen auf der ganzen Welt avanciert &#8211; und aus diesem Grund unterst\u00fctzt unsere Technologie auch die Cloud-basierten Produkte anderer Sicherheitsanbieter.<\/p>\n<\/div><br \/>\n<div class=\"column md-4 mobile-hidden\"><p>\n<a href=\"https:\/\/exo5.com\/wp-content\/uploads\/2015\/06\/about-3.png\"><img decoding=\"async\" loading=\"lazy\" class=\"alignnone size-full wp-image-195\" src=\"https:\/\/exo5.com\/wp-content\/uploads\/2015\/06\/about-3.png\" alt=\"about-3\" width=\"136\" height=\"143\" \/><\/a><\/p>\n<\/div><\/p>\n<p>&nbsp;<\/p>\n<div class=\"column md-12 clearfix\"><\/div>\n<p>&nbsp;<\/p>\n<\/div>","protected":false},"excerpt":{"rendered":"<p>&nbsp; &nbsp; &nbsp; &nbsp; &nbsp;<\/p>\n","protected":false},"author":1,"featured_media":0,"parent":0,"menu_order":0,"comment_status":"open","ping_status":"open","template":"page-about.php","meta":{"inline_featured_image":false,"footnotes":""},"_links":{"self":[{"href":"https:\/\/exo5.com\/de\/wp-json\/wp\/v2\/pages\/341"}],"collection":[{"href":"https:\/\/exo5.com\/de\/wp-json\/wp\/v2\/pages"}],"about":[{"href":"https:\/\/exo5.com\/de\/wp-json\/wp\/v2\/types\/page"}],"author":[{"embeddable":true,"href":"https:\/\/exo5.com\/de\/wp-json\/wp\/v2\/users\/1"}],"replies":[{"embeddable":true,"href":"https:\/\/exo5.com\/de\/wp-json\/wp\/v2\/comments?post=341"}],"version-history":[{"count":7,"href":"https:\/\/exo5.com\/de\/wp-json\/wp\/v2\/pages\/341\/revisions"}],"predecessor-version":[{"id":497,"href":"https:\/\/exo5.com\/de\/wp-json\/wp\/v2\/pages\/341\/revisions\/497"}],"wp:attachment":[{"href":"https:\/\/exo5.com\/de\/wp-json\/wp\/v2\/media?parent=341"}],"curies":[{"name":"wp","href":"https:\/\/api.w.org\/{rel}","templated":true}]}}