{"id":333,"date":"2017-02-22T15:20:08","date_gmt":"2017-02-22T23:20:08","guid":{"rendered":"https:\/\/exo5.com\/?page_id=333\/"},"modified":"2017-11-22T01:25:32","modified_gmt":"2017-11-22T09:25:32","slug":"enterprise-laptop-tracking-security","status":"publish","type":"page","link":"https:\/\/exo5.com\/de\/","title":{"rendered":"Enterprise Laptop Tracking and Security"},"content":{"rendered":"<div class=\"row\"><div class=\"column md-12 \"><\/p>\n<h1 style=\"text-align: center;\">Alles, was Sie f\u00fcr einen gesicherten Laptop-Bestand brauchen.<\/h1>\n<p style=\"text-align: center;\">Laptops und mobile Ger\u00e4te nachverfolgen, Diebstahl verhindern, sensible Daten sch\u00fctzen und compliant. Alles \u00fcber eine einzige Cloud-basierte Konsole.<\/p>\n<h2>F\u00dcNF ESSENTIELLE FUNKTIONEN IN EINEM PRODUKT<\/h2>\n<p>\n<\/div>\n<div class=\"column md-4 green\"><\/p>\n<h3>Notebook und Device Tracking<\/h3>\n<p>Lokalisieren, Orten und Tracken von Notebooks, Smartphone und Tablets in Echtzeit.<\/p>\n<p><a href=\"https:\/\/exo5.com\/de\/product\/laptop-device-tracking\/\">Erfahren Sie mehr \u203a<\/a><\/p>\n<p>\n<\/div>\n<div class=\"column md-4 red\"><\/p>\n<h3>RemoteKill\u00ae<\/h3>\n<p>Ger\u00e4te-Diebstahl und Datenmissbrauch mit Schutzma\u00dfnahmen verhindern: Festplattensperre, out-of-band Datei Verschl\u00fcsselung und Verschl\u00fcsselung der gesamten Festplatte sowie PIN-Sperrung.<\/p>\n<p><a href=\"https:\/\/exo5.com\/de\/product\/remotekill\/\">Erfahren Sie mehr \u203a<\/a><\/p>\n<p>\n<\/div>\n<div class=\"column md-4 blue\"><\/p>\n<h3>Vollst\u00e4ndige Festplattenverschl\u00fcsselung<\/h3>\n<p>F\u00fchren Sie BitLocker (f\u00fcr Windows Ger\u00e4te) und FileVault (f\u00fcr MacOS) schnell und einfach f\u00fcr Ihr gesamtes Unternehmen ein.<\/p>\n<p><a href=\"https:\/\/exo5.com\/de\/product\/full-disk-encryption\/\">Erfahren Sie mehr \u203a<\/a><\/p>\n<p>\n<\/div>\n<div class=\"clearfix sm_hide xs_hide md_hide xl_hide lg_hide yellow\"><\/div>\n<div class=\"column md-4 yellow\"><\/p>\n<h3>Mobile Device Management<\/h3>\n<p>Smartphones und Tablets einfach sch\u00fctzen und BYOD einfach adressieren.<\/p>\n<p><a href=\"https:\/\/exo5.com\/de\/product\/mobile-device-management\/\">Erfahren Sie mehr \u203a<\/a><\/p>\n<p>\n<\/div>\n<div class=\"column md-4 purple\"><h3>IT-Asset Verwaltung<\/h3>\n<p>Treffen Sie sich bessere Entscheidungen mit Inventarinventuren in real-time und leistungsstarken Berichtsfunktionen.<\/p>\n<p><a href=\"https:\/\/exo5.com\/de\/product\/it-asset-management\/\">Erfahren Sie mehr \u203a<\/a><\/p>\n<p>\n<\/div><br \/>\n<div class=\"column md-4 \"><\/p>\n<p>\n<\/div><\/p>\n<\/div>","protected":false},"excerpt":{"rendered":"","protected":false},"author":1,"featured_media":0,"parent":0,"menu_order":0,"comment_status":"open","ping_status":"open","template":"","meta":{"inline_featured_image":false,"footnotes":""},"_links":{"self":[{"href":"https:\/\/exo5.com\/de\/wp-json\/wp\/v2\/pages\/333"}],"collection":[{"href":"https:\/\/exo5.com\/de\/wp-json\/wp\/v2\/pages"}],"about":[{"href":"https:\/\/exo5.com\/de\/wp-json\/wp\/v2\/types\/page"}],"author":[{"embeddable":true,"href":"https:\/\/exo5.com\/de\/wp-json\/wp\/v2\/users\/1"}],"replies":[{"embeddable":true,"href":"https:\/\/exo5.com\/de\/wp-json\/wp\/v2\/comments?post=333"}],"version-history":[{"count":5,"href":"https:\/\/exo5.com\/de\/wp-json\/wp\/v2\/pages\/333\/revisions"}],"predecessor-version":[{"id":507,"href":"https:\/\/exo5.com\/de\/wp-json\/wp\/v2\/pages\/333\/revisions\/507"}],"wp:attachment":[{"href":"https:\/\/exo5.com\/de\/wp-json\/wp\/v2\/media?parent=333"}],"curies":[{"name":"wp","href":"https:\/\/api.w.org\/{rel}","templated":true}]}}